{"id":3205,"date":"2019-06-03T15:51:07","date_gmt":"2019-06-03T19:51:07","guid":{"rendered":"https:\/\/afcomunicacion.com\/?page_id=3205"},"modified":"2019-08-08T12:49:52","modified_gmt":"2019-08-08T16:49:52","slug":"media-management","status":"publish","type":"page","link":"https:\/\/afcomunicacion.com\/en\/what-do-we-offer\/media-management\/","title":{"rendered":"Media Management"},"content":{"rendered":"<p>[vc_section full_width=&#8221;stretch_row&#8221; css=&#8221;.vc_custom_1559601339852{background: #1dc2ef url(https:\/\/afcomunicacion.com\/wp-content\/uploads\/2019\/06\/Gestion-de-medios.jpg?id=1867) !important;background-position: center !important;background-repeat: no-repeat !important;background-size: cover !important;}&#8221; el_class=&#8221;mask&#8221;][vc_row full_width=&#8221;stretch_row&#8221; css=&#8221;.vc_custom_1540433743745{padding-top: 120px !important;padding-bottom: 100px !important;}&#8221;][vc_column width=&#8221;7\/12&#8243;][vc_empty_space height=&#8221;80px&#8221;][vc_custom_heading text=&#8221;Media Management&#8221; font_container=&#8221;tag:h1|font_size:3rem|text_align:left|color:%23ffffff|line_height:0.9&#8243; use_theme_fonts=&#8221;yes&#8221; css_animation=&#8221;fadeInUp&#8221; el_class=&#8221;custom-hd delay-2&#8243;][vc_separator color=&#8221;white&#8221; align=&#8221;align_left&#8221; border_width=&#8221;5&#8243; el_width=&#8221;10&#8243; css_animation=&#8221;fadeInUp&#8221; el_class=&#8221;delay-4&#8243; css=&#8221;.vc_custom_1540433735834{margin-bottom: 50px !important;margin-left: 5px !important;padding-top: 15px !important;}&#8221;][\/vc_column][\/vc_row][\/vc_section][vc_section full_width=&#8221;stretch_row&#8221; css_animation=&#8221;none&#8221; css=&#8221;.vc_custom_1536315102680{padding-bottom: 60px !important;}&#8221; el_id=&#8221;overview&#8221;][vc_row][vc_column width=&#8221;1\/6&#8243;][\/vc_column][vc_column width=&#8221;2\/3&#8243;][vc_empty_space height=&#8221;20px&#8221;][vc_column_text]<\/p>\n<p class=\"work-des\">We develop communication strategies that position our client as a source of information before the media, turning their initiatives and achievements into information of public interest.<\/p>\n<ul>\n<li>We generate constructive relationships through press content<\/li>\n<li>Interviews<\/li>\n<li>Campaigns with specialized media<\/li>\n<li>Media tour<\/li>\n<li>Press calls<\/li>\n<li>Media monitoring<\/li>\n<li>Press conferences and distribution of notes<\/li>\n<\/ul>\n<p>[\/vc_column_text][\/vc_column][vc_column width=&#8221;1\/6&#8243;][\/vc_column][\/vc_row][\/vc_section]<\/p>\n","protected":false},"excerpt":{"rendered":"<p>[vc_section full_width=&#8221;stretch_row&#8221; css=&#8221;.vc_custom_1559601339852{background: #1dc2ef url(https:\/\/afcomunicacion.com\/wp-content\/uploads\/2019\/06\/Gestion-de-medios.jpg?id=1867) !important;background-position: center !important;background-repeat: no-repeat !important;background-size: cover !important;}&#8221; el_class=&#8221;mask&#8221;][vc_row full_width=&#8221;stretch_row&#8221; css=&#8221;.vc_custom_1540433743745{padding-top: 120px !important;padding-bottom: 100px !important;}&#8221;][vc_column width=&#8221;7\/12&#8243;][vc_empty_space height=&#8221;80px&#8221;][vc_custom_heading text=&#8221;Media Management&#8221; font_container=&#8221;tag:h1|font_size:3rem|text_align:left|color:%23ffffff|line_height:0.9&#8243; use_theme_fonts=&#8221;yes&#8221; css_animation=&#8221;fadeInUp&#8221; el_class=&#8221;custom-hd delay-2&#8243;][vc_separator color=&#8221;white&#8221; align=&#8221;align_left&#8221; border_width=&#8221;5&#8243; el_width=&#8221;10&#8243; css_animation=&#8221;fadeInUp&#8221; el_class=&#8221;delay-4&#8243; css=&#8221;.vc_custom_1540433735834{margin-bottom: 50px !important;margin-left: 5px !important;padding-top: 15px !important;}&#8221;][\/vc_column][\/vc_row][\/vc_section][vc_section full_width=&#8221;stretch_row&#8221; css_animation=&#8221;none&#8221; css=&#8221;.vc_custom_1536315102680{padding-bottom: 60px !important;}&#8221; el_id=&#8221;overview&#8221;][vc_row][vc_column width=&#8221;1\/6&#8243;][\/vc_column][vc_column width=&#8221;2\/3&#8243;][vc_empty_space height=&#8221;20px&#8221;][vc_column_text] We develop communication strategies that [&hellip;]<\/p>\n","protected":false},"author":3,"featured_media":0,"parent":3115,"menu_order":0,"comment_status":"closed","ping_status":"closed","template":"","meta":{"content-type":"","_monsterinsights_skip_tracking":false,"_monsterinsights_sitenote_active":false,"_monsterinsights_sitenote_note":"","_monsterinsights_sitenote_category":0,"footnotes":""},"class_list":["post-3205","page","type-page","status-publish","hentry"],"yoast_head":"<!-- This site is optimized with the Yoast SEO Premium plugin v26.8 (Yoast SEO v26.8) - https:\/\/yoast.com\/product\/yoast-seo-premium-wordpress\/ -->\n<title>Media Management - AF Comunicaci\u00f3n Estrat\u00e9gica<\/title>\n<meta name=\"robots\" content=\"index, follow, max-snippet:-1, max-image-preview:large, max-video-preview:-1\" \/>\n<link rel=\"canonical\" href=\"https:\/\/afcomunicacion.com\/en\/what-do-we-offer\/media-management\/\" \/>\n<meta property=\"og:locale\" content=\"en_US\" \/>\n<meta property=\"og:type\" content=\"article\" \/>\n<meta property=\"og:title\" content=\"Media Management\" \/>\n<meta property=\"og:description\" content=\"[vc_section full_width=&#8221;stretch_row&#8221; css=&#8221;.vc_custom_1559601339852{background: #1dc2ef url(https:\/\/afcomunicacion.com\/wp-content\/uploads\/2019\/06\/Gestion-de-medios.jpg?id=1867) !important;background-position: center !important;background-repeat: no-repeat !important;background-size: cover !important;}&#8221; el_class=&#8221;mask&#8221;][vc_row full_width=&#8221;stretch_row&#8221; css=&#8221;.vc_custom_1540433743745{padding-top: 120px !important;padding-bottom: 100px !important;}&#8221;][vc_column width=&#8221;7\/12&#8243;][vc_empty_space height=&#8221;80px&#8221;][vc_custom_heading text=&#8221;Media Management&#8221; font_container=&#8221;tag:h1|font_size:3rem|text_align:left|color:%23ffffff|line_height:0.9&#8243; use_theme_fonts=&#8221;yes&#8221; css_animation=&#8221;fadeInUp&#8221; el_class=&#8221;custom-hd delay-2&#8243;][vc_separator color=&#8221;white&#8221; align=&#8221;align_left&#8221; border_width=&#8221;5&#8243; el_width=&#8221;10&#8243; css_animation=&#8221;fadeInUp&#8221; el_class=&#8221;delay-4&#8243; css=&#8221;.vc_custom_1540433735834{margin-bottom: 50px !important;margin-left: 5px !important;padding-top: 15px !important;}&#8221;][\/vc_column][\/vc_row][\/vc_section][vc_section full_width=&#8221;stretch_row&#8221; css_animation=&#8221;none&#8221; css=&#8221;.vc_custom_1536315102680{padding-bottom: 60px !important;}&#8221; el_id=&#8221;overview&#8221;][vc_row][vc_column width=&#8221;1\/6&#8243;][\/vc_column][vc_column width=&#8221;2\/3&#8243;][vc_empty_space height=&#8221;20px&#8221;][vc_column_text] We develop communication strategies that [&hellip;]\" \/>\n<meta property=\"og:url\" content=\"https:\/\/afcomunicacion.com\/en\/what-do-we-offer\/media-management\/\" \/>\n<meta property=\"og:site_name\" content=\"AF Comunicaci\u00f3n Estrat\u00e9gica\" \/>\n<meta property=\"article:publisher\" content=\"https:\/\/www.facebook.com\/afcomunicacionestrategica\" \/>\n<meta property=\"article:modified_time\" content=\"2019-08-08T16:49:52+00:00\" \/>\n<meta name=\"twitter:card\" content=\"summary_large_image\" \/>\n<meta name=\"twitter:site\" content=\"@AFComunicacion\" \/>\n<meta name=\"twitter:label1\" content=\"Est. reading time\" \/>\n\t<meta name=\"twitter:data1\" content=\"1 minute\" \/>\n<script type=\"application\/ld+json\" class=\"yoast-schema-graph\">{\"@context\":\"https:\/\/schema.org\",\"@graph\":[{\"@type\":\"WebPage\",\"@id\":\"https:\/\/afcomunicacion.com\/en\/what-do-we-offer\/media-management\/\",\"url\":\"https:\/\/afcomunicacion.com\/en\/what-do-we-offer\/media-management\/\",\"name\":\"Media Management - AF Comunicaci\u00f3n Estrat\u00e9gica\",\"isPartOf\":{\"@id\":\"https:\/\/afcomunicacion.com\/en\/#website\"},\"datePublished\":\"2019-06-03T19:51:07+00:00\",\"dateModified\":\"2019-08-08T16:49:52+00:00\",\"breadcrumb\":{\"@id\":\"https:\/\/afcomunicacion.com\/en\/what-do-we-offer\/media-management\/#breadcrumb\"},\"inLanguage\":\"en-US\",\"potentialAction\":[{\"@type\":\"ReadAction\",\"target\":[\"https:\/\/afcomunicacion.com\/en\/what-do-we-offer\/media-management\/\"]}]},{\"@type\":\"BreadcrumbList\",\"@id\":\"https:\/\/afcomunicacion.com\/en\/what-do-we-offer\/media-management\/#breadcrumb\",\"itemListElement\":[{\"@type\":\"ListItem\",\"position\":1,\"name\":\"Portada\",\"item\":\"https:\/\/afcomunicacion.com\/en\/\"},{\"@type\":\"ListItem\",\"position\":2,\"name\":\"What do we offer?\",\"item\":\"https:\/\/afcomunicacion.com\/en\/what-do-we-offer\/\"},{\"@type\":\"ListItem\",\"position\":3,\"name\":\"Media Management\"}]},{\"@type\":\"WebSite\",\"@id\":\"https:\/\/afcomunicacion.com\/en\/#website\",\"url\":\"https:\/\/afcomunicacion.com\/en\/\",\"name\":\"AF Comunicaci\u00f3n Estrat\u00e9gica\",\"description\":\"Agencia especializada en consultor\u00eda de Comunicaci\u00f3n Estrat\u00e9gica, Relaciones P\u00fablicas y Eventos Corporativos.\",\"publisher\":{\"@id\":\"https:\/\/afcomunicacion.com\/en\/#organization\"},\"potentialAction\":[{\"@type\":\"SearchAction\",\"target\":{\"@type\":\"EntryPoint\",\"urlTemplate\":\"https:\/\/afcomunicacion.com\/en\/?s={search_term_string}\"},\"query-input\":{\"@type\":\"PropertyValueSpecification\",\"valueRequired\":true,\"valueName\":\"search_term_string\"}}],\"inLanguage\":\"en-US\"},{\"@type\":\"Organization\",\"@id\":\"https:\/\/afcomunicacion.com\/en\/#organization\",\"name\":\"AF Comunicaci\u00f3n Estrat\u00e9gica\",\"url\":\"https:\/\/afcomunicacion.com\/en\/\",\"logo\":{\"@type\":\"ImageObject\",\"inLanguage\":\"en-US\",\"@id\":\"https:\/\/afcomunicacion.com\/en\/#\/schema\/logo\/image\/\",\"url\":\"\",\"contentUrl\":\"\",\"caption\":\"AF Comunicaci\u00f3n Estrat\u00e9gica\"},\"image\":{\"@id\":\"https:\/\/afcomunicacion.com\/en\/#\/schema\/logo\/image\/\"},\"sameAs\":[\"https:\/\/www.facebook.com\/afcomunicacionestrategica\",\"https:\/\/x.com\/AFComunicacion\",\"https:\/\/www.instagram.com\/afcomunicacion\/\",\"https:\/\/www.linkedin.com\/company\/afcomunicacion\/?viewAsMember=true\",\"https:\/\/www.youtube.com\/channel\/UCb0JkclVAyd3M9SzeiiNJAg\"]}]}<\/script>\n<!-- \/ Yoast SEO Premium plugin. -->","yoast_head_json":{"title":"Media Management - AF Comunicaci\u00f3n Estrat\u00e9gica","robots":{"index":"index","follow":"follow","max-snippet":"max-snippet:-1","max-image-preview":"max-image-preview:large","max-video-preview":"max-video-preview:-1"},"canonical":"https:\/\/afcomunicacion.com\/en\/what-do-we-offer\/media-management\/","og_locale":"en_US","og_type":"article","og_title":"Media Management","og_description":"[vc_section full_width=&#8221;stretch_row&#8221; css=&#8221;.vc_custom_1559601339852{background: #1dc2ef url(https:\/\/afcomunicacion.com\/wp-content\/uploads\/2019\/06\/Gestion-de-medios.jpg?id=1867) !important;background-position: center !important;background-repeat: no-repeat !important;background-size: cover !important;}&#8221; el_class=&#8221;mask&#8221;][vc_row full_width=&#8221;stretch_row&#8221; css=&#8221;.vc_custom_1540433743745{padding-top: 120px !important;padding-bottom: 100px !important;}&#8221;][vc_column width=&#8221;7\/12&#8243;][vc_empty_space height=&#8221;80px&#8221;][vc_custom_heading text=&#8221;Media Management&#8221; font_container=&#8221;tag:h1|font_size:3rem|text_align:left|color:%23ffffff|line_height:0.9&#8243; use_theme_fonts=&#8221;yes&#8221; css_animation=&#8221;fadeInUp&#8221; el_class=&#8221;custom-hd delay-2&#8243;][vc_separator color=&#8221;white&#8221; align=&#8221;align_left&#8221; border_width=&#8221;5&#8243; el_width=&#8221;10&#8243; css_animation=&#8221;fadeInUp&#8221; el_class=&#8221;delay-4&#8243; css=&#8221;.vc_custom_1540433735834{margin-bottom: 50px !important;margin-left: 5px !important;padding-top: 15px !important;}&#8221;][\/vc_column][\/vc_row][\/vc_section][vc_section full_width=&#8221;stretch_row&#8221; css_animation=&#8221;none&#8221; css=&#8221;.vc_custom_1536315102680{padding-bottom: 60px !important;}&#8221; el_id=&#8221;overview&#8221;][vc_row][vc_column width=&#8221;1\/6&#8243;][\/vc_column][vc_column width=&#8221;2\/3&#8243;][vc_empty_space height=&#8221;20px&#8221;][vc_column_text] We develop communication strategies that [&hellip;]","og_url":"https:\/\/afcomunicacion.com\/en\/what-do-we-offer\/media-management\/","og_site_name":"AF Comunicaci\u00f3n Estrat\u00e9gica","article_publisher":"https:\/\/www.facebook.com\/afcomunicacionestrategica","article_modified_time":"2019-08-08T16:49:52+00:00","twitter_card":"summary_large_image","twitter_site":"@AFComunicacion","twitter_misc":{"Est. reading time":"1 minute"},"schema":{"@context":"https:\/\/schema.org","@graph":[{"@type":"WebPage","@id":"https:\/\/afcomunicacion.com\/en\/what-do-we-offer\/media-management\/","url":"https:\/\/afcomunicacion.com\/en\/what-do-we-offer\/media-management\/","name":"Media Management - AF Comunicaci\u00f3n Estrat\u00e9gica","isPartOf":{"@id":"https:\/\/afcomunicacion.com\/en\/#website"},"datePublished":"2019-06-03T19:51:07+00:00","dateModified":"2019-08-08T16:49:52+00:00","breadcrumb":{"@id":"https:\/\/afcomunicacion.com\/en\/what-do-we-offer\/media-management\/#breadcrumb"},"inLanguage":"en-US","potentialAction":[{"@type":"ReadAction","target":["https:\/\/afcomunicacion.com\/en\/what-do-we-offer\/media-management\/"]}]},{"@type":"BreadcrumbList","@id":"https:\/\/afcomunicacion.com\/en\/what-do-we-offer\/media-management\/#breadcrumb","itemListElement":[{"@type":"ListItem","position":1,"name":"Portada","item":"https:\/\/afcomunicacion.com\/en\/"},{"@type":"ListItem","position":2,"name":"What do we offer?","item":"https:\/\/afcomunicacion.com\/en\/what-do-we-offer\/"},{"@type":"ListItem","position":3,"name":"Media Management"}]},{"@type":"WebSite","@id":"https:\/\/afcomunicacion.com\/en\/#website","url":"https:\/\/afcomunicacion.com\/en\/","name":"AF Comunicaci\u00f3n Estrat\u00e9gica","description":"Agencia especializada en consultor\u00eda de Comunicaci\u00f3n Estrat\u00e9gica, Relaciones P\u00fablicas y Eventos Corporativos.","publisher":{"@id":"https:\/\/afcomunicacion.com\/en\/#organization"},"potentialAction":[{"@type":"SearchAction","target":{"@type":"EntryPoint","urlTemplate":"https:\/\/afcomunicacion.com\/en\/?s={search_term_string}"},"query-input":{"@type":"PropertyValueSpecification","valueRequired":true,"valueName":"search_term_string"}}],"inLanguage":"en-US"},{"@type":"Organization","@id":"https:\/\/afcomunicacion.com\/en\/#organization","name":"AF Comunicaci\u00f3n Estrat\u00e9gica","url":"https:\/\/afcomunicacion.com\/en\/","logo":{"@type":"ImageObject","inLanguage":"en-US","@id":"https:\/\/afcomunicacion.com\/en\/#\/schema\/logo\/image\/","url":"","contentUrl":"","caption":"AF Comunicaci\u00f3n Estrat\u00e9gica"},"image":{"@id":"https:\/\/afcomunicacion.com\/en\/#\/schema\/logo\/image\/"},"sameAs":["https:\/\/www.facebook.com\/afcomunicacionestrategica","https:\/\/x.com\/AFComunicacion","https:\/\/www.instagram.com\/afcomunicacion\/","https:\/\/www.linkedin.com\/company\/afcomunicacion\/?viewAsMember=true","https:\/\/www.youtube.com\/channel\/UCb0JkclVAyd3M9SzeiiNJAg"]}]}},"_links":{"self":[{"href":"https:\/\/afcomunicacion.com\/en\/wp-json\/wp\/v2\/pages\/3205","targetHints":{"allow":["GET"]}}],"collection":[{"href":"https:\/\/afcomunicacion.com\/en\/wp-json\/wp\/v2\/pages"}],"about":[{"href":"https:\/\/afcomunicacion.com\/en\/wp-json\/wp\/v2\/types\/page"}],"author":[{"embeddable":true,"href":"https:\/\/afcomunicacion.com\/en\/wp-json\/wp\/v2\/users\/3"}],"replies":[{"embeddable":true,"href":"https:\/\/afcomunicacion.com\/en\/wp-json\/wp\/v2\/comments?post=3205"}],"version-history":[{"count":0,"href":"https:\/\/afcomunicacion.com\/en\/wp-json\/wp\/v2\/pages\/3205\/revisions"}],"up":[{"embeddable":true,"href":"https:\/\/afcomunicacion.com\/en\/wp-json\/wp\/v2\/pages\/3115"}],"wp:attachment":[{"href":"https:\/\/afcomunicacion.com\/en\/wp-json\/wp\/v2\/media?parent=3205"}],"curies":[{"name":"wp","href":"https:\/\/api.w.org\/{rel}","templated":true}]}}